{"id":1255,"date":"2024-07-15T08:47:06","date_gmt":"2024-07-15T13:47:06","guid":{"rendered":"https:\/\/ligasantandereanadefutbol.co\/page\/?page_id=1255"},"modified":"2024-07-22T12:23:32","modified_gmt":"2024-07-22T17:23:32","slug":"nosotros","status":"publish","type":"page","link":"https:\/\/ligasantandereanadefutbol.co\/page\/nosotros\/","title":{"rendered":"nosotros"},"content":{"rendered":"<p><section class=\"kc-elm kc-css-856017 kc_row\"><div class=\"kc-row-container  kc-container\"><div class=\"kc-wrap-columns\"><div class=\"kc-elm kc-css-470546 kc_col-of-5 kc_column kc_col-of-5\"><div class=\"kc-col-container\"><\/div><\/div><div class=\"kc-elm kc-css-158504 kc_col-sm-7 kc_column kc_col-sm-7\"><div class=\"kc-col-container\">\n<div class=\"kc-elm kc-css-780788 kc-title-wrap \">\n\n\t<h2 class=\"kc_title\">Sobre nosotros<\/h2>\n<\/div>\n<\/div><\/div><div class=\"kc-elm kc-css-607976 kc_col-of-5 kc_column kc_col-of-5\"><div class=\"kc-col-container\"><\/div><\/div><\/div><\/div><\/section><section class=\"kc-elm kc-css-75928 kc_row\"><div class=\"kc-row-container  kc-container\"><div class=\"kc-wrap-columns\"><div class=\"kc-elm kc-css-377273 kc_col-sm-12 kc_column kc_col-sm-12\"><div class=\"kc-col-container\"><div class=\"kc-elm kc-css-6039 kc_box_wrap \"><div><div class=\"one-one\"><h3><strong><text>Nosotros<\/text><\/strong><\/h3>\nSomos un organismo deportivo y social sin \u00e1nimo de lucro encargado de orientar, dirigir y satisfacer las necesidades de la poblaci\u00f3n Santandereana, de contar con una instituci\u00f3n altamente calificada, con una estructura organizacional y humana capaz de formar futbolistas de alto rendimiento, contando con un equipo interdisciplinario que le permita responder a las exigencias de la competencia y dirigentes deportivos comprometidos con las futuras generaciones forjando el inter\u00e9s hacia la practica del f\u00fatbol aficionado en la ni\u00f1ez, la juventud y sociedad en general.\n<\/div><\/div><\/div><\/div><\/div><\/div><\/div><\/section><section class=\"kc-elm kc-css-603836 kc_row\"><div class=\"kc-row-container  kc-container\"><div class=\"kc-wrap-columns\"><div class=\"kc-elm kc-css-281557 kc_col-sm-12 kc_column kc_col-sm-12\"><div class=\"kc-col-container\"><div class=\"kc-elm kc-css-22372 kc_box_wrap \"><div><div class=\"one-one\"><h3><strong><text>Visi\u00f3n<\/text><\/strong><\/h3>\nPara el 2026 la liga Santandereana de f\u00fatbol se proyecta como una instituci\u00f3n nacional, reconocida por su alto rendimiento, fomento y participaci\u00f3n en el desarrollo y formaci\u00f3n deportiva de la sociedad Santandereana, que cuenta con la capacidad y facilidad de adaptabilidad ante los cambios que se dan en el medio futbol\u00edstico, convirti\u00e9ndose en una instituci\u00f3n de excelencia.<\/div><\/div><\/div><\/div><\/div><\/div><\/div><\/section><section class=\"kc-elm kc-css-117458 kc_row\"><div class=\"kc-row-container  kc-container\"><div class=\"kc-wrap-columns\"><div class=\"kc-elm kc-css-850677 kc_col-sm-12 kc_column kc_col-sm-12\"><div class=\"kc-col-container\"><div class=\"kc-elm kc-css-333227 kc_box_wrap \"><div><div class=\"one-one\"><h3><strong><text>Valores<\/text><\/strong><\/h3><ul><li><h5><strong>Cordialidad:<\/strong><\/h5><p><\/p><p>Atendiendo a todos las personas que soliciten nuestros servicios con la mayor amabilidad, sin ninguna discriminaci\u00f3n, de conformidad con las disposiciones reglamentarias, estatutarias y legales, con los recursos disponibles.<\/p><p><\/p><\/li><li><h5><strong>Responsabilidad:<\/strong><\/h5><p>Brindando atenci\u00f3n continua y adecuada con responsabilidad social y deportiva, con unos servicios de excelente calidad.<\/p><\/li><li><h5><strong>Calidad:<\/strong><\/h5><p>Buscando el mejoramiento continuo que contribuya con las acciones de la Liga y de todos los integrantes de la misma para garantizar la satisfacci\u00f3n de todos los usuarios.<\/p><\/li><li><h5><strong>Efectividad:<\/strong><\/h5><p>Buscando el mejor aprovechamiento del recurso humano, administrativo, tecnol\u00f3gico y financiero disponibles para el cumplimiento de nuestros objetivos y la soluci\u00f3n pronta y optima de las necesidades de los usuarios.<\/p><\/li><\/ul><div><div class=\"one-one\"><\/div><\/div><\/div><\/div><\/div><\/div><\/div><\/div><\/div><\/section><section class=\"kc-elm kc-css-347754 kc_row\"><div class=\"kc-row-container  kc-container\"><div class=\"kc-wrap-columns\"><div class=\"kc-elm kc-css-866450 kc_col-sm-12 kc_column kc_col-sm-12\"><div class=\"kc-col-container\"><div class=\"kc-elm kc-css-747709 kc_box_wrap \"><div><div class=\"one-one\"><h3><strong><text>GESTI\u00d3N DE CALIDAD<\/text><\/strong><\/h3>\nObjetivos de Calidad Incrementar la eficiencia, eficacia y efectividad en la prestaci\u00f3n de los servicios. Aumentar la satisfacci\u00f3n de los clientes Asegurar la competencia del personal Proveer y mantener la tecnolog\u00eda apropiada Aprovechar de manera adecuada los recursos financieros Mejorar continuamente los procesos del sistema de Gesti\u00f3n de Calidad.\n\n<\/div><\/div><\/div><\/div><\/div><\/div><\/div><\/section><\/p>\n","protected":false},"excerpt":{"rendered":"","protected":false},"author":1,"featured_media":0,"parent":0,"menu_order":0,"comment_status":"closed","ping_status":"closed","template":"","meta":{"footnotes":""},"_links":{"self":[{"href":"https:\/\/ligasantandereanadefutbol.co\/page\/wp-json\/wp\/v2\/pages\/1255"}],"collection":[{"href":"https:\/\/ligasantandereanadefutbol.co\/page\/wp-json\/wp\/v2\/pages"}],"about":[{"href":"https:\/\/ligasantandereanadefutbol.co\/page\/wp-json\/wp\/v2\/types\/page"}],"author":[{"embeddable":true,"href":"https:\/\/ligasantandereanadefutbol.co\/page\/wp-json\/wp\/v2\/users\/1"}],"replies":[{"embeddable":true,"href":"https:\/\/ligasantandereanadefutbol.co\/page\/wp-json\/wp\/v2\/comments?post=1255"}],"version-history":[{"count":15,"href":"https:\/\/ligasantandereanadefutbol.co\/page\/wp-json\/wp\/v2\/pages\/1255\/revisions"}],"predecessor-version":[{"id":1525,"href":"https:\/\/ligasantandereanadefutbol.co\/page\/wp-json\/wp\/v2\/pages\/1255\/revisions\/1525"}],"wp:attachment":[{"href":"https:\/\/ligasantandereanadefutbol.co\/page\/wp-json\/wp\/v2\/media?parent=1255"}],"curies":[{"name":"wp","href":"https:\/\/api.w.org\/{rel}","templated":true}]}}