{"id":1850,"date":"2024-11-11T11:39:02","date_gmt":"2024-11-11T16:39:02","guid":{"rendered":"https:\/\/ligasantandereanadefutbol.co\/page\/?page_id=1850"},"modified":"2024-11-11T11:47:45","modified_gmt":"2024-11-11T16:47:45","slug":"club-deportivo-de-formacion-renacer-piedecuesta-f-c","status":"publish","type":"page","link":"https:\/\/ligasantandereanadefutbol.co\/page\/club-deportivo-de-formacion-renacer-piedecuesta-f-c\/","title":{"rendered":"CLUB DEPORTIVO DE FORMACI\u00d3N RENACER  PIEDECUESTA F.C"},"content":{"rendered":"<p><section class=\"kc-elm kc-css-449660 kc_row\"><div class=\"kc-row-container\"><div class=\"kc-wrap-columns\"><div class=\"kc-elm kc-css-11709 kc_col-sm-5 kc_column kc_col-sm-5\"><div class=\"kc-col-container\"><div class=\"kc-elm kc-css-550967\" style=\"height: 40px; clear: both; width:100%;\"><\/div><div class=\"kc-elm kc-css-70149 kc_row kc_row_inner\"><div class=\"kc-elm kc-css-842182 kc_col-sm-12 kc_column_inner kc_col-sm-12\"><div class=\"kc_wrapper kc-col-inner-container\">\n<div class=\"kc-elm kc-css-496999 kc-title-wrap \">\n\n\t<h2 class=\"kc_title\">CLUB DEPORTIVO DE FORMACI\u00d3N RENACER  PIEDECUESTA F.C<\/h2>\n<\/div>\n<\/div><\/div><\/div><div class=\"kc-elm kc-css-301764 kc_row kc_row_inner\"><div class=\"kc-elm kc-css-853534 kc_col-sm-12 kc_column_inner kc_col-sm-12\"><div class=\"kc_wrapper kc-col-inner-container\"><div class=\"kc-elm kc-css-142929 kc_text_block\"><\/p>\n<p><strong>Presidente:<\/strong> KEVIN ALFONSO VILLAMIZAR BELTR\u00c1N<\/p>\n<p>\n<\/div><\/div><\/div><\/div><\/div><\/div><div class=\"kc-elm kc-css-19058 kc_col-of-5 kc_column kc_col-of-5\"><div class=\"kc-col-container\"><div class=\"kc-elm kc-css-399566 kc_shortcode kc_single_image\">\n\n        <img decoding=\"async\" src=\"https:\/\/ligasantandereanadefutbol.co\/page\/wp-content\/uploads\/2024\/11\/Imagen1-23.png\" class=\"\" alt=\"\" \/>    <\/div>\n<\/div><\/div><div class=\"kc-elm kc-css-369833 kc_col-sm-5 kc_column kc_col-sm-5\"><div class=\"kc-col-container\"><div class=\"kc-elm kc-css-160295 kc_row kc_row_inner\"><div class=\"kc-elm kc-css-326857 kc_col-of-5 kc_column_inner kc_col-of-5\"><div class=\"kc_wrapper kc-col-inner-container\"><div class=\"kc-elm kc-css-806933 kc_shortcode kc_single_image\">\n\n        <img decoding=\"async\" src=\"https:\/\/ligasantandereanadefutbol.co\/page\/wp-content\/uploads\/2024\/07\/icons8-stadium-50.png\" class=\"\" alt=\"\" \/>    <\/div>\n<\/div><\/div><div class=\"kc-elm kc-css-445311 kc_col-sm-10 kc_column_inner kc_col-sm-10\"><div class=\"kc_wrapper kc-col-inner-container\"><div class=\"kc-elm kc-css-651962 kc_text_block\"><\/p>\n<p><strong>Cancha:<\/strong><\/p>\n<p>POLIDEPORTIVO PASEO DEL PUENTE 1<\/p>\n<p>\n<\/div><\/div><\/div><\/div><div class=\"kc-elm kc-css-657448 kc_row kc_row_inner\"><div class=\"kc-elm kc-css-423312 kc_col-of-5 kc_column_inner kc_col-of-5\"><div class=\"kc_wrapper kc-col-inner-container\"><div class=\"kc-elm kc-css-130517 kc_shortcode kc_single_image\">\n\n        <img decoding=\"async\" src=\"https:\/\/ligasantandereanadefutbol.co\/page\/wp-content\/uploads\/2024\/07\/icons8-email-50.png\" class=\"\" alt=\"\" \/>    <\/div>\n<\/div><\/div><div class=\"kc-elm kc-css-990745 kc_col-sm-10 kc_column_inner kc_col-sm-10\"><div class=\"kc_wrapper kc-col-inner-container\"><div class=\"kc-elm kc-css-798965 kc_text_block\"><\/p>\n<p><strong>Correo el\u00e9ctronico<\/strong><\/p>\n<p>cdrenacer2010@hotmail.com<\/p>\n<p><strong>T\u00e9lefono<\/strong><br \/>3003582841<br \/>3203442393<\/p>\n<p>\n<\/div><\/div><\/div><\/div><div class=\"kc-elm kc-css-359369 kc_row kc_row_inner\"><div class=\"kc-elm kc-css-550031 kc_col-sm-12 kc_column_inner kc_col-sm-12\"><div class=\"kc_wrapper kc-col-inner-container\"><div class=\"kc-elm kc-css-703109 kc-multi-icons-wrapper\">\n\t\t\t<a href=\"https:\/\/www.facebook.com\/profile.php?id=61565890596075&amp;locale=es_LA\" target=\"_self\" title=\"\" class=\"multi-icons-link multi-iconsfab-facebook-f\">\n\t\t\t<i class=\"fab-facebook-f\"><\/i>\n\t\t<\/a>\n\n\t<\/div>\n<\/div><\/div><\/div><\/div><\/div><\/div><\/div><\/section><section class=\"kc-elm kc-css-568031 kc_row\"><div class=\"kc-row-container  kc-container\"><div class=\"kc-wrap-columns\"><div class=\"kc-elm kc-css-59263 kc_col-sm-12 kc_column kc_col-sm-12\"><div class=\"kc-col-container\"><div class=\"kc-elm kc-css-356207 kc_text_block\"><\/p>\n<p><strong>Sede:<\/strong><\/p>\n<p>CRA 5B#18A-31 PASEO DEL PUENTE 1<\/p>\n<hr \/>\n<p>\n<\/div><\/div><\/div><\/div><\/div><\/section><section class=\"kc-elm kc-css-228751 kc_row\"><div class=\"kc-row-container  kc-container\"><div class=\"kc-wrap-columns\"><div class=\"kc-elm kc-css-300346 kc_col-sm-12 kc_column kc_col-sm-12\"><div class=\"kc-col-container\"><div class=\"kc-elm kc-css-635665 kc_text_block\"><\/p>\n<p><strong>Horarios:<\/strong><\/p>\n<p>MARTES &#8211; MIERCOLES &#8211; JUEVES. <br \/>HORARIO MA\u00d1ANA <br \/>08:AM A 10:00 A.M TODAS LAS EDADES<\/p>\n<p>HORARIO TARDE &#8211; NOCHE <br \/>03:00 P.M A 05:00 P.M J\u00d3VENES DE 11 A\u00d1OS A 16 A\u00d1OS<br \/>05:00 P.M A 07:00 P.M. NI\u00d1OS DE 9 &#8211; 10 A\u00d1OS <br \/>07:00 P.M A 08:45 P.M. NI\u00d1OS DE 4 A 8 A\u00d1OS<\/p>\n<p>\n<\/div><\/div><\/div><\/div><\/div><\/section><\/p>\n","protected":false},"excerpt":{"rendered":"","protected":false},"author":1,"featured_media":0,"parent":0,"menu_order":0,"comment_status":"closed","ping_status":"closed","template":"","meta":{"footnotes":""},"_links":{"self":[{"href":"https:\/\/ligasantandereanadefutbol.co\/page\/wp-json\/wp\/v2\/pages\/1850"}],"collection":[{"href":"https:\/\/ligasantandereanadefutbol.co\/page\/wp-json\/wp\/v2\/pages"}],"about":[{"href":"https:\/\/ligasantandereanadefutbol.co\/page\/wp-json\/wp\/v2\/types\/page"}],"author":[{"embeddable":true,"href":"https:\/\/ligasantandereanadefutbol.co\/page\/wp-json\/wp\/v2\/users\/1"}],"replies":[{"embeddable":true,"href":"https:\/\/ligasantandereanadefutbol.co\/page\/wp-json\/wp\/v2\/comments?post=1850"}],"version-history":[{"count":3,"href":"https:\/\/ligasantandereanadefutbol.co\/page\/wp-json\/wp\/v2\/pages\/1850\/revisions"}],"predecessor-version":[{"id":1870,"href":"https:\/\/ligasantandereanadefutbol.co\/page\/wp-json\/wp\/v2\/pages\/1850\/revisions\/1870"}],"wp:attachment":[{"href":"https:\/\/ligasantandereanadefutbol.co\/page\/wp-json\/wp\/v2\/media?parent=1850"}],"curies":[{"name":"wp","href":"https:\/\/api.w.org\/{rel}","templated":true}]}}