{"id":2037,"date":"2024-12-03T11:38:34","date_gmt":"2024-12-03T16:38:34","guid":{"rendered":"https:\/\/ligasantandereanadefutbol.co\/page\/?page_id=2037"},"modified":"2024-12-03T11:38:34","modified_gmt":"2024-12-03T16:38:34","slug":"club-deportivo-atletico-astana","status":"publish","type":"page","link":"https:\/\/ligasantandereanadefutbol.co\/page\/club-deportivo-atletico-astana\/","title":{"rendered":"CLUB DEPORTIVO ATLETICO ASTANA"},"content":{"rendered":"<p><section class=\"kc-elm kc-css-213141 kc_row\"><div class=\"kc-row-container\"><div class=\"kc-wrap-columns\"><div class=\"kc-elm kc-css-181303 kc_col-sm-5 kc_column kc_col-sm-5\"><div class=\"kc-col-container\"><div class=\"kc-elm kc-css-626121\" style=\"height: 40px; clear: both; width:100%;\"><\/div><div class=\"kc-elm kc-css-892331 kc_row kc_row_inner\"><div class=\"kc-elm kc-css-912764 kc_col-sm-12 kc_column_inner kc_col-sm-12\"><div class=\"kc_wrapper kc-col-inner-container\">\n<div class=\"kc-elm kc-css-703316 kc-title-wrap \">\n\n\t<h2 class=\"kc_title\">Club Deportivo Atletico Astana<\/h2>\n<\/div>\n<\/div><\/div><\/div><div class=\"kc-elm kc-css-452824 kc_row kc_row_inner\"><div class=\"kc-elm kc-css-378026 kc_col-sm-12 kc_column_inner kc_col-sm-12\"><div class=\"kc_wrapper kc-col-inner-container\"><div class=\"kc-elm kc-css-945303 kc_text_block\"><\/p>\n<p><strong>Presidente:<\/strong> Yurley Solandy Ramirez Ramirez<\/p>\n<p>\n<\/div><\/div><\/div><\/div><\/div><\/div><div class=\"kc-elm kc-css-610977 kc_col-of-5 kc_column kc_col-of-5\"><div class=\"kc-col-container\"><div class=\"kc-elm kc-css-729314 kc_shortcode kc_single_image\">\n\n        <img decoding=\"async\" src=\"https:\/\/ligasantandereanadefutbol.co\/page\/wp-content\/uploads\/2024\/12\/astana.png\" class=\"\" alt=\"\" \/>    <\/div>\n<\/div><\/div><div class=\"kc-elm kc-css-574931 kc_col-sm-5 kc_column kc_col-sm-5\"><div class=\"kc-col-container\"><div class=\"kc-elm kc-css-806486 kc_row kc_row_inner\"><div class=\"kc-elm kc-css-626891 kc_col-of-5 kc_column_inner kc_col-of-5\"><div class=\"kc_wrapper kc-col-inner-container\"><div class=\"kc-elm kc-css-583066 kc_shortcode kc_single_image\">\n\n        <img decoding=\"async\" src=\"https:\/\/ligasantandereanadefutbol.co\/page\/wp-content\/uploads\/2024\/07\/icons8-stadium-50.png\" class=\"\" alt=\"\" \/>    <\/div>\n<\/div><\/div><div class=\"kc-elm kc-css-693343 kc_col-sm-10 kc_column_inner kc_col-sm-10\"><div class=\"kc_wrapper kc-col-inner-container\"><div class=\"kc-elm kc-css-663769 kc_text_block\"><\/p>\n<p><strong>Cancha:<\/strong><\/p>\n<p>Cancha de Futbolito Municipal Lebrija<\/p>\n<p>\n<\/div><\/div><\/div><\/div><div class=\"kc-elm kc-css-948317 kc_row kc_row_inner\"><div class=\"kc-elm kc-css-863319 kc_col-of-5 kc_column_inner kc_col-of-5\"><div class=\"kc_wrapper kc-col-inner-container\"><div class=\"kc-elm kc-css-655260 kc_shortcode kc_single_image\">\n\n        <img decoding=\"async\" src=\"https:\/\/ligasantandereanadefutbol.co\/page\/wp-content\/uploads\/2024\/07\/icons8-email-50.png\" class=\"\" alt=\"\" \/>    <\/div>\n<\/div><\/div><div class=\"kc-elm kc-css-138741 kc_col-sm-10 kc_column_inner kc_col-sm-10\"><div class=\"kc_wrapper kc-col-inner-container\"><div class=\"kc-elm kc-css-795895 kc_text_block\"><\/p>\n<p><strong>Correo el\u00e9ctronico<\/strong><\/p>\n<p>atleticoastanafc@gmail.com<\/p>\n<p><strong>T\u00e9lefono<\/strong><br \/>314 3244677 &#8211; 316 9637842<\/p>\n<p>\n<\/div><\/div><\/div><\/div><div class=\"kc-elm kc-css-113860 kc_row kc_row_inner\"><div class=\"kc-elm kc-css-161539 kc_col-sm-12 kc_column_inner kc_col-sm-12\"><div class=\"kc_wrapper kc-col-inner-container\"><div class=\"kc-elm kc-css-359958 kc-multi-icons-wrapper\">\n\t\t\t<a href=\"https:\/\/www.instagram.com\/atletico_astana\/\" target=\"_self\" title=\"\" class=\"multi-icons-link multi-iconsfab-instagram\">\n\t\t\t<i class=\"fab-instagram\"><\/i>\n\t\t<\/a>\n\n\t\t\t<a href=\"https:\/\/www.facebook.com\/atletico.astana\" target=\"_self\" title=\"\" class=\"multi-icons-link multi-iconsfab-facebook\">\n\t\t\t<i class=\"fab-facebook\"><\/i>\n\t\t<\/a>\n\n\t<\/div>\n<\/div><\/div><\/div><\/div><\/div><\/div><\/div><\/section><section class=\"kc-elm kc-css-702295 kc_row\"><div class=\"kc-row-container  kc-container\"><div class=\"kc-wrap-columns\"><div class=\"kc-elm kc-css-43269 kc_col-sm-12 kc_column kc_col-sm-12\"><div class=\"kc-col-container\"><div class=\"kc-elm kc-css-751183 kc_text_block\"><\/p>\n<p><strong>Sede:<\/strong><\/p>\n<p>Carrera 10 #12-29 Barrio Centro, Lebrija<\/p>\n<hr \/>\n<p>\n<\/div><\/div><\/div><\/div><\/div><\/section><section class=\"kc-elm kc-css-167581 kc_row\"><div class=\"kc-row-container  kc-container\"><div class=\"kc-wrap-columns\"><div class=\"kc-elm kc-css-16388 kc_col-sm-12 kc_column kc_col-sm-12\"><div class=\"kc-col-container\"><div class=\"kc-elm kc-css-333188 kc_text_block\"><\/p>\n<p><strong>Horarios:<\/strong><\/p>\n<p>LUNES: 4:50pm a 6:30 (11-12a\u00f1os) 6:30 a 8:00 (8-9-10a\u00f1os) 8:00 a 9:20pm (13-14a\u00f1os)<br \/>MIERCOLES: 4:50pm a 6:30 (11-12a\u00f1os) 6:30 a 8:00 (8-9-10a\u00f1os) 8:00 a 9:20pm (13-14a\u00f1os)<br \/>VIERNES: 4:50pm a 6:30 (11-12a\u00f1os) 6:30 a 8:00 (8-9-10a\u00f1os) 8:00 a 9:20pm (13-14a\u00f1os)<\/p>\n<p>\n<\/div><\/div><\/div><\/div><\/div><\/section><\/p>\n","protected":false},"excerpt":{"rendered":"","protected":false},"author":1,"featured_media":0,"parent":0,"menu_order":0,"comment_status":"closed","ping_status":"closed","template":"","meta":{"footnotes":""},"_links":{"self":[{"href":"https:\/\/ligasantandereanadefutbol.co\/page\/wp-json\/wp\/v2\/pages\/2037"}],"collection":[{"href":"https:\/\/ligasantandereanadefutbol.co\/page\/wp-json\/wp\/v2\/pages"}],"about":[{"href":"https:\/\/ligasantandereanadefutbol.co\/page\/wp-json\/wp\/v2\/types\/page"}],"author":[{"embeddable":true,"href":"https:\/\/ligasantandereanadefutbol.co\/page\/wp-json\/wp\/v2\/users\/1"}],"replies":[{"embeddable":true,"href":"https:\/\/ligasantandereanadefutbol.co\/page\/wp-json\/wp\/v2\/comments?post=2037"}],"version-history":[{"count":1,"href":"https:\/\/ligasantandereanadefutbol.co\/page\/wp-json\/wp\/v2\/pages\/2037\/revisions"}],"predecessor-version":[{"id":2039,"href":"https:\/\/ligasantandereanadefutbol.co\/page\/wp-json\/wp\/v2\/pages\/2037\/revisions\/2039"}],"wp:attachment":[{"href":"https:\/\/ligasantandereanadefutbol.co\/page\/wp-json\/wp\/v2\/media?parent=2037"}],"curies":[{"name":"wp","href":"https:\/\/api.w.org\/{rel}","templated":true}]}}